{"id":24,"date":"2023-09-14T09:00:32","date_gmt":"2023-09-14T09:00:32","guid":{"rendered":"https:\/\/www.take-a-trip.eu\/de\/?page_id=24"},"modified":"2024-10-29T07:54:02","modified_gmt":"2024-10-29T07:54:02","slug":"newsletter","status":"publish","type":"page","link":"https:\/\/www.take-a-trip.eu\/fr\/newsletter\/","title":{"rendered":"Newsletter"},"content":{"rendered":"\r\n<p>Inscrivez-vous \u00e0 notre newsletter et recevez les derni\u00e8res nouveaut\u00e9s !<\/p>\r\n<p>Nous publions sur SuperLastMinutes.be tous les bons plans last minute ! En vous abonnant \u00e0 notre newsletter, vous \u00eates certain de ne rien rater.<\/p>\r\n<p>Vous pouvez changer d\u2019avis \u00e0 tout moment en cliquant sur le lien \u00ab Se d\u00e9sinscrire \u00bb situ\u00e9 sur le pied de page de tout e-mail que vous recevez de notre part, ou en nous contactant \u00e0 <a href=\"mailto:info@take-a-trip.eu\">info@take-a-trip.eu<\/a>.<\/p>\r\n<form action=\"https:\/\/hq.volomedia.com\/mailcoach\/subscribe\/e35ef8ab-1550-44b9-948b-d3bf0a8ba28e\" method=\"POST\">\r\nVotre adresse e-mail : <input autocomplete=\"off\" type=\"email\" name=\"email\" id=\"email\" class=\"input \" placeholder=\"\" value=\"\" required=\"\" label=\"email\"><p><\/p>\r\n<p><button type=\"submit\" class=\"button\">S\u2019inscrire<\/button><br>\r\n<\/p><\/form>\r\n","protected":false},"excerpt":{"rendered":"<p>Inscrivez-vous \u00e0 notre newsletter et recevez les derni\u00e8res nouveaut\u00e9s ! Nous publions sur SuperLastMinutes.be tous les bons plans last minute ! En vous abonnant \u00e0 notre newsletter, vous \u00eates certain de ne rien rater. Vous pouvez changer d\u2019avis \u00e0 tout moment en cliquant sur le lien \u00ab Se d\u00e9sinscrire \u00bb situ\u00e9 sur le pied de [&hellip;]<\/p>\n","protected":false},"author":1,"featured_media":0,"parent":0,"menu_order":0,"comment_status":"closed","ping_status":"closed","template":"","meta":{"footnotes":""},"_links":{"self":[{"href":"https:\/\/www.take-a-trip.eu\/fr\/wp-json\/wp\/v2\/pages\/24"}],"collection":[{"href":"https:\/\/www.take-a-trip.eu\/fr\/wp-json\/wp\/v2\/pages"}],"about":[{"href":"https:\/\/www.take-a-trip.eu\/fr\/wp-json\/wp\/v2\/types\/page"}],"author":[{"embeddable":true,"href":"https:\/\/www.take-a-trip.eu\/fr\/wp-json\/wp\/v2\/users\/1"}],"replies":[{"embeddable":true,"href":"https:\/\/www.take-a-trip.eu\/fr\/wp-json\/wp\/v2\/comments?post=24"}],"version-history":[{"count":3,"href":"https:\/\/www.take-a-trip.eu\/fr\/wp-json\/wp\/v2\/pages\/24\/revisions"}],"predecessor-version":[{"id":332,"href":"https:\/\/www.take-a-trip.eu\/fr\/wp-json\/wp\/v2\/pages\/24\/revisions\/332"}],"wp:attachment":[{"href":"https:\/\/www.take-a-trip.eu\/fr\/wp-json\/wp\/v2\/media?parent=24"}],"curies":[{"name":"wp","href":"https:\/\/api.w.org\/{rel}","templated":true}]}}