{"id":13,"date":"2023-09-14T08:38:48","date_gmt":"2023-09-14T08:38:48","guid":{"rendered":"https:\/\/www.take-a-trip.eu\/de\/?page_id=13"},"modified":"2023-11-16T12:38:58","modified_gmt":"2023-11-16T12:38:58","slug":"publicite","status":"publish","type":"page","link":"https:\/\/www.take-a-trip.eu\/fr\/publicite\/","title":{"rendered":"Publicit\u00e9"},"content":{"rendered":"<p>Vous pouvez diffuser votre publicit\u00e9 de plusieurs mani\u00e8res sur ce site web. Nous acceptons vos annonces si elles sont susceptibles de plaire \u00e0 notre public. Nous pouvons \u00e9galement mentionner votre marque dans notre newsletter.<\/p>\n<p>Contactez-nous pour que l\u2019on puisse collaborer ensemble.<\/p>\n","protected":false},"excerpt":{"rendered":"<p>Vous pouvez diffuser votre publicit\u00e9 de plusieurs mani\u00e8res sur ce site web. Nous acceptons vos annonces si elles sont susceptibles de plaire \u00e0 notre public. Nous pouvons \u00e9galement mentionner votre marque dans notre newsletter. Contactez-nous pour que l\u2019on puisse collaborer ensemble.<\/p>\n","protected":false},"author":1,"featured_media":0,"parent":0,"menu_order":0,"comment_status":"closed","ping_status":"closed","template":"","meta":{"footnotes":""},"_links":{"self":[{"href":"https:\/\/www.take-a-trip.eu\/fr\/wp-json\/wp\/v2\/pages\/13"}],"collection":[{"href":"https:\/\/www.take-a-trip.eu\/fr\/wp-json\/wp\/v2\/pages"}],"about":[{"href":"https:\/\/www.take-a-trip.eu\/fr\/wp-json\/wp\/v2\/types\/page"}],"author":[{"embeddable":true,"href":"https:\/\/www.take-a-trip.eu\/fr\/wp-json\/wp\/v2\/users\/1"}],"replies":[{"embeddable":true,"href":"https:\/\/www.take-a-trip.eu\/fr\/wp-json\/wp\/v2\/comments?post=13"}],"version-history":[{"count":3,"href":"https:\/\/www.take-a-trip.eu\/fr\/wp-json\/wp\/v2\/pages\/13\/revisions"}],"predecessor-version":[{"id":91,"href":"https:\/\/www.take-a-trip.eu\/fr\/wp-json\/wp\/v2\/pages\/13\/revisions\/91"}],"wp:attachment":[{"href":"https:\/\/www.take-a-trip.eu\/fr\/wp-json\/wp\/v2\/media?parent=13"}],"curies":[{"name":"wp","href":"https:\/\/api.w.org\/{rel}","templated":true}]}}