{"id":22,"date":"2023-09-14T08:59:53","date_gmt":"2023-09-14T08:59:53","guid":{"rendered":"https:\/\/www.take-a-trip.eu\/de\/?page_id=22"},"modified":"2024-03-21T12:29:59","modified_gmt":"2024-03-21T12:29:59","slug":"werbung","status":"publish","type":"page","link":"https:\/\/www.take-a-trip.eu\/de\/werbung\/","title":{"rendered":"Werbung"},"content":{"rendered":"\r\n<p>Wir akzeptieren verschiedene Wege um auf www.take-a-trip.eu\/de\/ zu werben. Wir akzeptieren Werbeanzeigen, wenn Sie relevant f\u00fcr unserer Leserschaft ist. Ebenfalls k\u00f6nnen wir Ihre Marke in unserem E-Mail Newsletter erw\u00e4hnen.<\/p>\r\n\r\n\r\n\r\n<p>F\u00fcr genauerer Informationen nutzen Sie unser Kontaktformular und nehmen Sie direkt mit uns Kontakt auf.<\/p>\r\n\r\n\r\n\r\n<p>Ihr take-a-trip.eu Team.<\/p>\r\n","protected":false},"excerpt":{"rendered":"<p>Wir akzeptieren verschiedene Wege um auf www.take-a-trip.eu\/de\/ zu werben. Wir akzeptieren Werbeanzeigen, wenn Sie relevant f\u00fcr unserer Leserschaft ist. Ebenfalls k\u00f6nnen wir Ihre Marke in unserem E-Mail Newsletter erw\u00e4hnen. F\u00fcr genauerer Informationen nutzen Sie unser Kontaktformular und nehmen Sie direkt mit uns Kontakt auf. Ihr take-a-trip.eu Team.<\/p>\n","protected":false},"author":1,"featured_media":0,"parent":0,"menu_order":0,"comment_status":"closed","ping_status":"closed","template":"","meta":{"footnotes":""},"_links":{"self":[{"href":"https:\/\/www.take-a-trip.eu\/de\/wp-json\/wp\/v2\/pages\/22"}],"collection":[{"href":"https:\/\/www.take-a-trip.eu\/de\/wp-json\/wp\/v2\/pages"}],"about":[{"href":"https:\/\/www.take-a-trip.eu\/de\/wp-json\/wp\/v2\/types\/page"}],"author":[{"embeddable":true,"href":"https:\/\/www.take-a-trip.eu\/de\/wp-json\/wp\/v2\/users\/1"}],"replies":[{"embeddable":true,"href":"https:\/\/www.take-a-trip.eu\/de\/wp-json\/wp\/v2\/comments?post=22"}],"version-history":[{"count":3,"href":"https:\/\/www.take-a-trip.eu\/de\/wp-json\/wp\/v2\/pages\/22\/revisions"}],"predecessor-version":[{"id":213,"href":"https:\/\/www.take-a-trip.eu\/de\/wp-json\/wp\/v2\/pages\/22\/revisions\/213"}],"wp:attachment":[{"href":"https:\/\/www.take-a-trip.eu\/de\/wp-json\/wp\/v2\/media?parent=22"}],"curies":[{"name":"wp","href":"https:\/\/api.w.org\/{rel}","templated":true}]}}